{"id":13856,"date":"2020-08-19T15:48:31","date_gmt":"2020-08-19T22:48:31","guid":{"rendered":"http:\/\/www.deafwireless.ca\/?page_id=13856"},"modified":"2020-08-19T15:48:34","modified_gmt":"2020-08-19T22:48:34","slug":"wireless-accessibility-for-people-who-are-deaf-deaf-blind-and-hard-of-hearing-accessibilite-sans-fil-pour-les-personnes-sourdes-sourdes-aveugles-et-malentendantes","status":"publish","type":"page","link":"https:\/\/www.deafwireless.ca\/index.php\/wireless-accessibility-for-people-who-are-deaf-deaf-blind-and-hard-of-hearing-accessibilite-sans-fil-pour-les-personnes-sourdes-sourdes-aveugles-et-malentendantes\/","title":{"rendered":"Wireless Accessibility for People who are Deaf, Deaf-Blind and Hard of Hearing \/\/ Accessibilit\u00e9 sans fil pour les personnes sourdes, sourdes-aveugles et malentendantes"},"content":{"rendered":"\n<p>(French follows &#8211; Le fran\u00e7ais suit)<br \/><br \/>[insert video]<br \/>[insert English transcript]<br \/>[ins\u00e9rer la transcription en fran\u00e7ais]<br \/><br \/>The CRTC has a proceeding (<a class=\"ext\" href=\"https:\/\/crtc.gc.ca\/eng\/archive\/2020\/2020-178.htm\" target=\"_blank\" rel=\"noopener noreferrer\">CRTC 2020-178<\/a>) that is investigating the issues of wireless accessibility for all persons with disabilities in Canada, and that includes those who are Deaf, Deaf-Blind and Hard of Hearing (DDBHH).<\/p>\n<p>Deaf Wireless Canada Consultative Committee &#8211; Comit\u00e9 pour les Services Sans fil des Sourds du Canada (DWCC-CSSSC), Canadian Association of the Deaf-Association des Sourds du Canada (CAD-ASC), and the Canadian National Society of the Deaf-Blind (CNSDB), are working together to ensure that current and future wireless plans are improved for choice, affordability and what is appropriate and accessible for DDBHH Canadians.<\/p>\n<p>DDBHH Canadians use more data on their wireless phones due to using their smartphones for video with sign language communications, or especially for those who are Deaf-Blind, wayfinding (GPS) to find their way around. Video communications means more data over the wireless connections. As a result, data packages are expensive. This is unfair because those who use sign language with video communications need fair costs for data packages. It is their right to have fair wireless data packages with accessibility with sign language communication.<\/p>\n<p>Thousands of DDBHH and their families, their colleagues, their co-workers and employers are impacted by these expensive wireless data packages.\u00a0<\/p>\n<p>We established 4 letter templates available on 4 separate web pages, for a simple &#8220;click &amp; send&#8221; to all the important people in web forms, as seen at this includeme.ca website: <a href=\"https:\/\/www.include-me.ca\/making-canada-accessible\/blog\/2020\/08\/wireless-accessibility-people-who-are-deaf-deaf-blind-and-hard\">https:\/\/www.include-me.ca\/making-canada-accessible\/blog\/2020\/08\/wireless-accessibility-people-who-are-deaf-deaf-blind-and-hard\u00a0<\/a><\/p>\n<p>If you would like to use one of these forms, all that you need to do is just to put your name and address, and click all the checkboxes to decide who will receive this letter. These letters will be automatically emailed to all the people that you check off.<\/p>\n<p><strong>However, the CRTC needs to have a copy of these emails also submitted to the record of the specific proceeding (CRTC 2020-178).<\/strong> Please be sure to submit a copy of your letter to CRTC by linking to\u00a0the CRTC 2020-178\u00a0<a class=\"ext\" href=\"https:\/\/services.crtc.gc.ca\/pub\/CommentForm\/Default-Defaut.aspx?lang=e&amp;EN=2020-178&amp;ET=N&amp;S=O&amp;PA=t&amp;PT=nc&amp;PST=a&amp;FN=\" target=\"_blank\" rel=\"noopener noreferrer\">webpage<\/a>.<br \/><br \/><span class=\"\">If you want visual video instructions for submitting your letter, please click on this video link: <\/span><span class=\"\"><a class=\"\" href=\"https:\/\/youtu.be\/GlwPaIh169g\">English Letters &amp; Documents<\/a><\/span><\/p>\n<p>The four letter webpage template links with 4 different choices of downloadable MS Word Doc letters are available in these links:<br \/><br \/>1 &#8211; <br \/><br \/>2 &#8211; <br \/><br \/>3 &#8211; <br \/><br \/>4 &#8211; <br \/><br \/>Thank you for writing the Canadian Radio-television and Telecommunications Commission (CRTC) and other decision makers. It is important to tell them that inexpensive, unlimited data accessibility plans with no limits are necessary for the Deaf, Deaf-Blind and Hard of Hearing community. It\u2019s time for wireless services to become accessible! Thank you for helping to make this change.<\/p>\n<p>\/\/<br \/><br \/>Le CRTC a cr\u00e9\u00e9 une instance publique (<a class=\"ext\" href=\"https:\/\/crtc.gc.ca\/fra\/archive\/2020\/2020-178.htm\" target=\"_blank\" rel=\"noopener noreferrer\"><u>CRTC 2020-178)<\/u><\/a>\u00a0afin d\u2019\u00e9tudier la probl\u00e9matique de l\u2019accessibilit\u00e9 aux services sans fil pour toutes les personnes ayant un handicap au Canada, et cela concerne aussi les personnes qui sont Sourdes, Sourdes-aveugles et malentendantes (SSAM).<\/p>\n<p>Le Comit\u00e9 consultatif pour les Services Sans fil des Sourds du Canada &#8211; Deaf Wireless Canada Consultative Committee (<strong>CSSSC- DWCC<\/strong>), L\u2019Association des Sourds du Canada &#8211; Canadian Association of the Deaf (<strong>ASC-CAD<\/strong>), et le Canadian National Society of the Deaf-Blind (<strong>CNSDB<\/strong>), travaillent ensemble pour veiller \u00e0 ce que les forfaits sans fil actuels et futurs soient am\u00e9lior\u00e9s en termes de choix et d\u2019abordabilit\u00e9 et de ce qui est appropri\u00e9 et accessible pour les Canadiens SSAM.\u00a0<\/p>\n<p>Les Canadiens SSAM utilisent plus de donn\u00e9es sur leurs t\u00e9l\u00e9phones sans fil car ils utilisent leurs t\u00e9l\u00e9phones intelligents pour des communications vid\u00e9o en langue des signes, ou en particulier pour ceux qui sont sourds-aveugles, pour des applications d&#8217;orientation (GPS) afin de trouver leur chemin. Les communications vid\u00e9o sont gourmandes en termes de donn\u00e9es sur les connexions sans fil, ce qui fait en sorte que les forfaits de donn\u00e9es co\u00fbtent cher. C&#8217;est injuste parce que ceux qui utilisent la langue des signes avec les communications vid\u00e9o ont besoin de co\u00fbts \u00e9quitables pour les forfaits de donn\u00e9es. C&#8217;est leur droit d&#8217;avoir des forfaits de donn\u00e9es sans fil \u00e9quitables qui tiennent compte de l&#8217;accessibilit\u00e9 pour les communications en langue des signes.<\/p>\n<p>Des milliers de SSAM et leurs familles, leurs coll\u00e8gues et employeurs sont touch\u00e9s par ces forfaits de donn\u00e9es sans fil trop co\u00fbteux.\u00a0<\/p>\n<p>Nous avons cr\u00e9\u00e9 4 mod\u00e8les de lettres qui sont disponibles sur 4 pages internet s\u00e9par\u00e9es, pour un simple \u00abclic et envoi\u00bb \u00e0 toutes les personnes importantes dans les formulaires Web, comme on le voit sur ce site Web, includeme.ca: <a href=\"https:\/\/www.include-me.ca\/making-canada-accessible\/blog\/2020\/08\/wireless-accessibility-people-who-are-deaf-deaf-blind-and-hard\">https:\/\/www.include-me.ca\/making-canada-accessible\/blog\/2020\/08\/wireless-accessibility-people-who-are-deaf-deaf-blind-and-hard<\/a><\/p>\n<p>Si vous souhaitez utiliser l&#8217;un de ces formulaires, il vous suffit de mettre votre nom et votre adresse et de cliquer sur toutes les cases \u00e0 cocher pour d\u00e9cider qui recevra cette lettre. Ces lettres seront automatiquement envoy\u00e9es par e-mail \u00e0 toutes les personnes que vous cochez. Choisissez-en une et ensuite cliquez pour pouvoir les envoyer sous forme de courriel.\u00a0<\/p>\n<p><strong>Le CRTC doit avoir une copie de ces courriels \u00e9galement soumise \u00e0 cette instance publique sp\u00e9cifique<\/strong> <strong>(CRTC 2020-178).<\/strong> Veuillez donc vous assurer de soumettre une copie de votre lettre au CRTC en cliquant sur la\u00a0<a class=\"ext\" href=\"https:\/\/services.crtc.gc.ca\/pub\/CommentForm\/Default-Defaut.aspx?EN=2020-178&amp;ET=N&amp;S=O&amp;PA=t&amp;PT=nc&amp;PST=a&amp;FN=&amp;lang=fr\" target=\"_blank\" rel=\"noopener noreferrer\"><u>page internet<\/u><\/a>\u00a0du CRTC 2020-178.<\/p>\n<p>Si vous d\u00e9sirez avoir des instructions vid\u00e9o sur comment soumettre votre lettre, SVP cliquer sur ce lien vid\u00e9o :\u00a0<a class=\"ext\" href=\"https:\/\/youtu.be\/fcnK7n1zE7c\" target=\"_blank\" rel=\"noopener noreferrer\"><u>Lettres et documents fran\u00e7ais<\/u><\/a><\/p>\n<p>Les liens du mod\u00e8le de page Web \u00e0 quatre lettres avec 4 choix diff\u00e9rents de lettres MS Word Doc t\u00e9l\u00e9chargeables sont disponibles dans ces liens:<\/p>\n<p>1 &#8211; <\/p>\n<p>2 &#8211; <\/p>\n<p>3 &#8211; <\/p>\n<p>4 &#8211; <\/p>\n<p>Merci d&#8217;avoir \u00e9crit au Conseil de la radiodiffusion et des<br \/>t\u00e9l\u00e9communications Canadiennes et aux autres d\u00e9cideurs. Il est important<br \/>de leur dire que des plans d&#8217;accessibilit\u00e9 aux donn\u00e9es peu co\u00fbteux,<br \/>illimit\u00e9s et sans limites sont n\u00e9cessaires pour la communaut\u00e9 des sourds,<br \/>des sourds-aveugles et des malentendants. Il est temps que les services sans<br \/>fil deviennent accessibles! Merci d&#8217;avoir contribu\u00e9 \u00e0 faire ce changement.<\/p>\n<p>\u00a0<\/p>\n","protected":false},"excerpt":{"rendered":"<p>(French follows &#8211; Le fran\u00e7ais suit) [insert video][insert English transcript][ins\u00e9rer la transcription en fran\u00e7ais] The CRTC has a proceeding (CRTC 2020-178) that is investigating the issues of wireless accessibility for all persons with disabilities in Canada, and that includes those\u2026<\/p>\n<p class=\"continue-reading-button\"> <a class=\"continue-reading-link\" href=\"https:\/\/www.deafwireless.ca\/index.php\/wireless-accessibility-for-people-who-are-deaf-deaf-blind-and-hard-of-hearing-accessibilite-sans-fil-pour-les-personnes-sourdes-sourdes-aveugles-et-malentendantes\/\">Read More<i class=\"crycon-right-dir\"><\/i><\/a><\/p>\n","protected":false},"author":2,"featured_media":0,"parent":0,"menu_order":0,"comment_status":"closed","ping_status":"closed","template":"","meta":{"two_page_speed":[],"footnotes":""},"class_list":["post-13856","page","type-page","status-publish","hentry"],"_links":{"self":[{"href":"https:\/\/www.deafwireless.ca\/index.php\/wp-json\/wp\/v2\/pages\/13856","targetHints":{"allow":["GET"]}}],"collection":[{"href":"https:\/\/www.deafwireless.ca\/index.php\/wp-json\/wp\/v2\/pages"}],"about":[{"href":"https:\/\/www.deafwireless.ca\/index.php\/wp-json\/wp\/v2\/types\/page"}],"author":[{"embeddable":true,"href":"https:\/\/www.deafwireless.ca\/index.php\/wp-json\/wp\/v2\/users\/2"}],"replies":[{"embeddable":true,"href":"https:\/\/www.deafwireless.ca\/index.php\/wp-json\/wp\/v2\/comments?post=13856"}],"version-history":[{"count":2,"href":"https:\/\/www.deafwireless.ca\/index.php\/wp-json\/wp\/v2\/pages\/13856\/revisions"}],"predecessor-version":[{"id":13861,"href":"https:\/\/www.deafwireless.ca\/index.php\/wp-json\/wp\/v2\/pages\/13856\/revisions\/13861"}],"wp:attachment":[{"href":"https:\/\/www.deafwireless.ca\/index.php\/wp-json\/wp\/v2\/media?parent=13856"}],"curies":[{"name":"wp","href":"https:\/\/api.w.org\/{rel}","templated":true}]}}