{"id":249,"date":"2015-08-28T16:49:02","date_gmt":"2015-08-28T23:49:02","guid":{"rendered":"http:\/\/www.deafwireless.ca\/?page_id=249"},"modified":"2015-09-08T18:17:42","modified_gmt":"2015-09-09T01:17:42","slug":"equipes","status":"publish","type":"page","link":"https:\/\/www.deafwireless.ca\/index.php\/equipes\/","title":{"rendered":"\u00c9quipes"},"content":{"rendered":"<p>L\u2019objectif principal de l\u2019\u00e9quipe de direction est de g\u00e9rer le comit\u00e9 dans le cadre de son mandat.<\/p>\n<p><img loading=\"lazy\" decoding=\"async\" class=\"aligncenter  wp-image-381\" src=\"https:\/\/www.deafwireless.ca\/wp-content\/uploads\/2015\/08\/Screen-Shot-2015-09-08-at-7.16.20-PM.png\" alt=\"Screen Shot 2015-09-08 at 7.16.20 PM\" width=\"450\" height=\"473\" srcset=\"https:\/\/www.deafwireless.ca\/wp-content\/uploads\/2015\/08\/Screen-Shot-2015-09-08-at-7.16.20-PM.png 842w, https:\/\/www.deafwireless.ca\/wp-content\/uploads\/2015\/08\/Screen-Shot-2015-09-08-at-7.16.20-PM-286x300.png 286w, https:\/\/www.deafwireless.ca\/wp-content\/uploads\/2015\/08\/Screen-Shot-2015-09-08-at-7.16.20-PM-143x150.png 143w\" sizes=\"auto, (max-width: 450px) 100vw, 450px\" \/><\/p>\n","protected":false},"excerpt":{"rendered":"<p>L\u2019objectif principal de l\u2019\u00e9quipe de direction est de g\u00e9rer le comit\u00e9 dans le cadre de son mandat.<\/p>\n<p class=\"continue-reading-button\"> <a class=\"continue-reading-link\" href=\"https:\/\/www.deafwireless.ca\/index.php\/equipes\/\">Read More<i class=\"crycon-right-dir\"><\/i><\/a><\/p>\n","protected":false},"author":2,"featured_media":0,"parent":0,"menu_order":0,"comment_status":"closed","ping_status":"closed","template":"","meta":{"two_page_speed":[],"footnotes":""},"class_list":["post-249","page","type-page","status-publish","hentry"],"_links":{"self":[{"href":"https:\/\/www.deafwireless.ca\/index.php\/wp-json\/wp\/v2\/pages\/249","targetHints":{"allow":["GET"]}}],"collection":[{"href":"https:\/\/www.deafwireless.ca\/index.php\/wp-json\/wp\/v2\/pages"}],"about":[{"href":"https:\/\/www.deafwireless.ca\/index.php\/wp-json\/wp\/v2\/types\/page"}],"author":[{"embeddable":true,"href":"https:\/\/www.deafwireless.ca\/index.php\/wp-json\/wp\/v2\/users\/2"}],"replies":[{"embeddable":true,"href":"https:\/\/www.deafwireless.ca\/index.php\/wp-json\/wp\/v2\/comments?post=249"}],"version-history":[{"count":13,"href":"https:\/\/www.deafwireless.ca\/index.php\/wp-json\/wp\/v2\/pages\/249\/revisions"}],"predecessor-version":[{"id":382,"href":"https:\/\/www.deafwireless.ca\/index.php\/wp-json\/wp\/v2\/pages\/249\/revisions\/382"}],"wp:attachment":[{"href":"https:\/\/www.deafwireless.ca\/index.php\/wp-json\/wp\/v2\/media?parent=249"}],"curies":[{"name":"wp","href":"https:\/\/api.w.org\/{rel}","templated":true}]}}