{"id":253,"date":"2015-08-28T16:50:09","date_gmt":"2015-08-28T23:50:09","guid":{"rendered":"http:\/\/www.deafwireless.ca\/?page_id=253"},"modified":"2015-09-13T12:15:50","modified_gmt":"2015-09-13T19:15:50","slug":"ressources","status":"publish","type":"page","link":"https:\/\/www.deafwireless.ca\/index.php\/ressources\/","title":{"rendered":"Ressources"},"content":{"rendered":"<p>Voici des liens pour en apprendre davantage sur les services sans fil et l\u2019accessibilit\u00e9.<\/p>\n<p><span style=\"text-decoration: underline;\">Sites gouvernementaux et communiqu\u00e9s de presse<\/span><\/p>\n<p><a href=\"http:\/\/crtc.gc.ca\" target=\"_blank\">Conseil de la radiodiffusion et des t\u00e9l\u00e9communications canadiennes (CRTC)<\/a><\/p>\n<ul>\n<li><a href=\"http:\/\/Le Code sur les services sans fil du CRTC\" target=\"_blank\">Le Code sur les services sans fil du CRTC<\/a><\/li>\n<li><a href=\"http:\/\/www.crtc.gc.ca\/fra\/phone\/acces\/index.htm\" target=\"_blank\">Services t\u00e9l\u00e9phoniques accessibles<\/a><\/li>\n<\/ul>\n<p><a href=\"https:\/\/www.whitehouse.gov\/blog\/2015\/07\/28\/direct-video-calling-increases-access-deaf-citizens\" target=\"_blank\">Direct Video Calling Increases Access for Deaf Citizens<\/a>\u00a0\u2013 USA \u2013 White House news release<\/p>\n<p><span style=\"text-decoration: underline;\">Textes d\u2019opinion sur la technologie et l\u2019accessibilit\u00e9<\/span><\/p>\n<ul>\n<li><a href=\"http:\/\/wfdeaf.org\/databank\/policies\/policy-position-paper-on-technology-accessibility\">WFD\u2019s Position Paper on Technology &amp; Accessibility<\/a><\/li>\n<li><a href=\"https:\/\/www.chs.ca\/canadian-hearing-society-position-paper-national-video-relay-services\" target=\"_blank\">Canadian Hearing Society (CHS)\u2019s Position Paper on National Video Relay Services<\/a><\/li>\n<li><a href=\"http:\/\/www.cad.ca\/les_telecommunications.php\" target=\"_blank\">Texte d&#8217;opinion sur les t\u00e9l\u00e9communications par \u00a0L\u2019Association des Sourds du Canada\u00a0<\/a><\/li>\n<li><a href=\"http:\/\/deafaustralia.org.au\/advocacy\/communications\/\" target=\"_blank\">Deaf Australia \u2013 Advocacy \u2013 Communications (several links for various position papers)<\/a><\/li>\n<li><a href=\"http:\/\/nad.org\/position-statement-functionally-equivalent-telecommunications-deaf-and-hard-hearing-people\" target=\"_blank\">National Association of the Deaf (USA) \u2013 Position Statement on Functionally Equivalent Telecommunications for Deaf and Hard of Hearing People<\/a><\/li>\n<\/ul>\n<p><span style=\"text-decoration: underline;\">Organismes desservant les personnes handicap\u00e9es ou qui font la promotion de l\u2019accessibilit\u00e9<\/span><\/p>\n<ul>\n<li><a href=\"https:\/\/www.fcc.gov\/encyclopedia\/disability-rights-office\" target=\"_blank\">FCC Disability Rights Office \u2013 USA<\/a><\/li>\n<li><a href=\"https:\/\/www.fcc.gov\/disability-advisory-committee\" target=\"_blank\">Disability Advisory Committee \u2013 USA<\/a><\/li>\n<li><a href=\"https:\/\/www.fcc.gov\/document\/fcc-adds-american-sign-language-consumer-support-line-videophone\" target=\"_blank\">FCC\u2019s ASL Accessible Consumer Line \u2013 USA<\/a><\/li>\n<\/ul>\n<p><span style=\"text-decoration: underline;\">Sites li\u00e9s au texto-911<\/span><\/p>\n<ul>\n<li><a href=\"http:\/\/www.ecomm911.ca\/calling-911\/T911system.php\" target=\"_blank\">E-Comm 911 and WIDHH (Western Institution of Deaf and Hard of Hearing)<\/a><\/li>\n<li><a href=\"http:\/\/textwith911.ca\/service-availability\/\" target=\"_blank\">Text with 911 links<\/a><\/li>\n<\/ul>\n<p><span style=\"text-decoration: underline;\">Logiciels disponibles aux \u00c9tats-Unis<\/span><\/p>\n<ul>\n<li><a href=\"http:\/\/www.ten43.com\/apps\/Advanced911-iphone.html\" target=\"_blank\">Advanced 911 \u00a0by Ten43 Technologies<\/a><\/li>\n<li><a href=\"https:\/\/itunes.apple.com\/us\/app\/911-help-sms-911helpsms-ice\/id798026644?mt=8\" target=\"_blank\">911 Help SMS by Cab Match LLC<\/a><\/li>\n<\/ul>\n<p><span style=\"text-decoration: underline;\">Publicit\u00e9<\/span><\/p>\n<p><a href=\"https:\/\/vimeo.com\/126859427\" target=\"_blank\">Jeenee\u2019s advertisement for Deaf Australians<\/a>\u00a0\u2013 a video advertisement created in partnership between\u00a0<a href=\"http:\/\/deafaustralia.org.au\/\" target=\"_blank\">Deaf Australia<\/a>\u00a0and\u00a0<a href=\"http:\/\/www.jeenee.org.au\/\" target=\"_blank\">Jeenee Mobile<\/a><\/p>\n<p>Le site, From the Grapevine, mati\u00e8re d&#8217;innovation: Un article sur Glide, l&#8217;application de vid\u00e9o-envoyant: \u00a0<a href=\"http:\/\/www.fromthegrapevine.com\/innovation\/glide-deaf-app\" target=\"_blank\">An article about Glide, the video-texting app<\/a><\/p>\n","protected":false},"excerpt":{"rendered":"<p>Voici des liens pour en apprendre davantage sur les services sans fil et l\u2019accessibilit\u00e9. Sites gouvernementaux et communiqu\u00e9s de presse Conseil de la radiodiffusion et des t\u00e9l\u00e9communications canadiennes (CRTC) Le Code sur les services sans fil du CRTC Services t\u00e9l\u00e9phoniques\u2026<\/p>\n<p class=\"continue-reading-button\"> <a class=\"continue-reading-link\" href=\"https:\/\/www.deafwireless.ca\/index.php\/ressources\/\">Read More<i class=\"crycon-right-dir\"><\/i><\/a><\/p>\n","protected":false},"author":2,"featured_media":0,"parent":0,"menu_order":0,"comment_status":"closed","ping_status":"closed","template":"","meta":{"two_page_speed":[],"footnotes":""},"class_list":["post-253","page","type-page","status-publish","hentry"],"_links":{"self":[{"href":"https:\/\/www.deafwireless.ca\/index.php\/wp-json\/wp\/v2\/pages\/253","targetHints":{"allow":["GET"]}}],"collection":[{"href":"https:\/\/www.deafwireless.ca\/index.php\/wp-json\/wp\/v2\/pages"}],"about":[{"href":"https:\/\/www.deafwireless.ca\/index.php\/wp-json\/wp\/v2\/types\/page"}],"author":[{"embeddable":true,"href":"https:\/\/www.deafwireless.ca\/index.php\/wp-json\/wp\/v2\/users\/2"}],"replies":[{"embeddable":true,"href":"https:\/\/www.deafwireless.ca\/index.php\/wp-json\/wp\/v2\/comments?post=253"}],"version-history":[{"count":4,"href":"https:\/\/www.deafwireless.ca\/index.php\/wp-json\/wp\/v2\/pages\/253\/revisions"}],"predecessor-version":[{"id":386,"href":"https:\/\/www.deafwireless.ca\/index.php\/wp-json\/wp\/v2\/pages\/253\/revisions\/386"}],"wp:attachment":[{"href":"https:\/\/www.deafwireless.ca\/index.php\/wp-json\/wp\/v2\/media?parent=253"}],"curies":[{"name":"wp","href":"https:\/\/api.w.org\/{rel}","templated":true}]}}