{"id":263,"date":"2015-08-28T20:52:35","date_gmt":"2015-08-29T03:52:35","guid":{"rendered":"http:\/\/www.deafwireless.ca\/?page_id=263"},"modified":"2015-09-08T17:57:54","modified_gmt":"2015-09-09T00:57:54","slug":"equipe-sondage","status":"publish","type":"page","link":"https:\/\/www.deafwireless.ca\/index.php\/equipes\/equipe-sondage\/","title":{"rendered":"\u00c9quipe sondage"},"content":{"rendered":"<p>L\u2019objectif de l\u2019\u00e9quipe sondage\u00a0est de compiler les questions et de cr\u00e9er un sondage pour recueillir des donn\u00e9es aupr\u00e8s des participants consentants.<\/p>\n<p><img loading=\"lazy\" decoding=\"async\" class=\"aligncenter wp-image-361\" src=\"https:\/\/www.deafwireless.ca\/wp-content\/uploads\/2015\/08\/Screen-Shot-2015-09-08-at-6.37.16-PM.png\" alt=\"Screen Shot 2015-09-08 at 6.37.16 PM\" width=\"450\" height=\"872\" srcset=\"https:\/\/www.deafwireless.ca\/wp-content\/uploads\/2015\/08\/Screen-Shot-2015-09-08-at-6.37.16-PM.png 584w, https:\/\/www.deafwireless.ca\/wp-content\/uploads\/2015\/08\/Screen-Shot-2015-09-08-at-6.37.16-PM-155x300.png 155w, https:\/\/www.deafwireless.ca\/wp-content\/uploads\/2015\/08\/Screen-Shot-2015-09-08-at-6.37.16-PM-528x1024.png 528w, https:\/\/www.deafwireless.ca\/wp-content\/uploads\/2015\/08\/Screen-Shot-2015-09-08-at-6.37.16-PM-77x150.png 77w\" sizes=\"auto, (max-width: 450px) 100vw, 450px\" \/><\/p>\n","protected":false},"excerpt":{"rendered":"<p>L\u2019objectif de l\u2019\u00e9quipe sondage\u00a0est de compiler les questions et de cr\u00e9er un sondage pour recueillir des donn\u00e9es aupr\u00e8s des participants consentants.<\/p>\n<p class=\"continue-reading-button\"> <a class=\"continue-reading-link\" href=\"https:\/\/www.deafwireless.ca\/index.php\/equipes\/equipe-sondage\/\">Read More<i class=\"crycon-right-dir\"><\/i><\/a><\/p>\n","protected":false},"author":2,"featured_media":0,"parent":249,"menu_order":2,"comment_status":"closed","ping_status":"closed","template":"","meta":{"two_page_speed":[],"footnotes":""},"class_list":["post-263","page","type-page","status-publish","hentry"],"_links":{"self":[{"href":"https:\/\/www.deafwireless.ca\/index.php\/wp-json\/wp\/v2\/pages\/263","targetHints":{"allow":["GET"]}}],"collection":[{"href":"https:\/\/www.deafwireless.ca\/index.php\/wp-json\/wp\/v2\/pages"}],"about":[{"href":"https:\/\/www.deafwireless.ca\/index.php\/wp-json\/wp\/v2\/types\/page"}],"author":[{"embeddable":true,"href":"https:\/\/www.deafwireless.ca\/index.php\/wp-json\/wp\/v2\/users\/2"}],"replies":[{"embeddable":true,"href":"https:\/\/www.deafwireless.ca\/index.php\/wp-json\/wp\/v2\/comments?post=263"}],"version-history":[{"count":10,"href":"https:\/\/www.deafwireless.ca\/index.php\/wp-json\/wp\/v2\/pages\/263\/revisions"}],"predecessor-version":[{"id":363,"href":"https:\/\/www.deafwireless.ca\/index.php\/wp-json\/wp\/v2\/pages\/263\/revisions\/363"}],"up":[{"embeddable":true,"href":"https:\/\/www.deafwireless.ca\/index.php\/wp-json\/wp\/v2\/pages\/249"}],"wp:attachment":[{"href":"https:\/\/www.deafwireless.ca\/index.php\/wp-json\/wp\/v2\/media?parent=263"}],"curies":[{"name":"wp","href":"https:\/\/api.w.org\/{rel}","templated":true}]}}