{"id":273,"date":"2015-08-28T20:59:27","date_gmt":"2015-08-29T03:59:27","guid":{"rendered":"http:\/\/www.deafwireless.ca\/?page_id=273"},"modified":"2015-09-08T18:07:24","modified_gmt":"2015-09-09T01:07:24","slug":"equipe-de-redaction","status":"publish","type":"page","link":"https:\/\/www.deafwireless.ca\/index.php\/equipes\/equipe-de-redaction\/","title":{"rendered":"\u00c9quipe de r\u00e9daction"},"content":{"rendered":"<p>L\u2019\u00e9quipe de r\u00e9daction pour le CRTC est responsable des contenus \u00e9crits pour les soumissions au CRTC, le site web, les sondages et les autres m\u00e9diums.<\/p>\n<p><img loading=\"lazy\" decoding=\"async\" class=\"aligncenter wp-image-372\" src=\"https:\/\/www.deafwireless.ca\/wp-content\/uploads\/2015\/08\/Screen-Shot-2015-09-08-at-7.06.20-PM.png\" alt=\"Screen Shot 2015-09-08 at 7.06.20 PM\" width=\"450\" height=\"741\" srcset=\"https:\/\/www.deafwireless.ca\/wp-content\/uploads\/2015\/08\/Screen-Shot-2015-09-08-at-7.06.20-PM.png 652w, https:\/\/www.deafwireless.ca\/wp-content\/uploads\/2015\/08\/Screen-Shot-2015-09-08-at-7.06.20-PM-182x300.png 182w, https:\/\/www.deafwireless.ca\/wp-content\/uploads\/2015\/08\/Screen-Shot-2015-09-08-at-7.06.20-PM-622x1024.png 622w, https:\/\/www.deafwireless.ca\/wp-content\/uploads\/2015\/08\/Screen-Shot-2015-09-08-at-7.06.20-PM-91x150.png 91w\" sizes=\"auto, (max-width: 450px) 100vw, 450px\" \/><\/p>\n","protected":false},"excerpt":{"rendered":"<p>L\u2019\u00e9quipe de r\u00e9daction pour le CRTC est responsable des contenus \u00e9crits pour les soumissions au CRTC, le site web, les sondages et les autres m\u00e9diums.<\/p>\n<p class=\"continue-reading-button\"> <a class=\"continue-reading-link\" href=\"https:\/\/www.deafwireless.ca\/index.php\/equipes\/equipe-de-redaction\/\">Read More<i class=\"crycon-right-dir\"><\/i><\/a><\/p>\n","protected":false},"author":2,"featured_media":0,"parent":249,"menu_order":6,"comment_status":"closed","ping_status":"closed","template":"","meta":{"two_page_speed":[],"footnotes":""},"class_list":["post-273","page","type-page","status-publish","hentry"],"_links":{"self":[{"href":"https:\/\/www.deafwireless.ca\/index.php\/wp-json\/wp\/v2\/pages\/273","targetHints":{"allow":["GET"]}}],"collection":[{"href":"https:\/\/www.deafwireless.ca\/index.php\/wp-json\/wp\/v2\/pages"}],"about":[{"href":"https:\/\/www.deafwireless.ca\/index.php\/wp-json\/wp\/v2\/types\/page"}],"author":[{"embeddable":true,"href":"https:\/\/www.deafwireless.ca\/index.php\/wp-json\/wp\/v2\/users\/2"}],"replies":[{"embeddable":true,"href":"https:\/\/www.deafwireless.ca\/index.php\/wp-json\/wp\/v2\/comments?post=273"}],"version-history":[{"count":7,"href":"https:\/\/www.deafwireless.ca\/index.php\/wp-json\/wp\/v2\/pages\/273\/revisions"}],"predecessor-version":[{"id":374,"href":"https:\/\/www.deafwireless.ca\/index.php\/wp-json\/wp\/v2\/pages\/273\/revisions\/374"}],"up":[{"embeddable":true,"href":"https:\/\/www.deafwireless.ca\/index.php\/wp-json\/wp\/v2\/pages\/249"}],"wp:attachment":[{"href":"https:\/\/www.deafwireless.ca\/index.php\/wp-json\/wp\/v2\/media?parent=273"}],"curies":[{"name":"wp","href":"https:\/\/api.w.org\/{rel}","templated":true}]}}