{"id":275,"date":"2015-08-28T21:00:00","date_gmt":"2015-08-29T04:00:00","guid":{"rendered":"http:\/\/www.deafwireless.ca\/?page_id=275"},"modified":"2015-09-08T17:55:28","modified_gmt":"2015-09-09T00:55:28","slug":"equipe-des-finances","status":"publish","type":"page","link":"https:\/\/www.deafwireless.ca\/index.php\/equipes\/equipe-des-finances\/","title":{"rendered":"\u00c9quipe des finances"},"content":{"rendered":"<p>La t\u00e2che principale est de surveiller les finances du comit\u00e9 par:<\/p>\n<ul>\n<li>L\u2019\u00e9laboration d\u2019un budget<\/li>\n<li>Le maintien du budget<\/li>\n<li>Une collecte de fonds pour couvrir les d\u00e9penses du Comit\u00e9 SSSC<\/li>\n<li>La v\u00e9rification que les d\u00e9penses encourues respectent le mandat du Comit\u00e9 SSSC<\/li>\n<\/ul>\n<p>Les sources de revenus et le calendrier:<\/p>\n<ul>\n<li>Les activit\u00e9s de financement \u2013 en tout temps<\/li>\n<li>Dons via lien vers le site ASC-CAD \u2013 \u00e0 tout moment<\/li>\n<li>Recouvrement des co\u00fbts par le CRTC (si elle est approuv\u00e9e) \u2013 dans les 6 mois apr\u00e8s le 15 Avril, 2016<\/li>\n<\/ul>\n<p>D\u00e9penses:<\/p>\n<ul>\n<li>L\u2019achat du nom de domaine: deafwireless.ca<\/li>\n<li>Les co\u00fbts de l\u2019h\u00e9bergement web<\/li>\n<li>Les co\u00fbts de la mise en ligne du sondage (il y a des co\u00fbts pour la conservation des donn\u00e9es)<\/li>\n<li>Co\u00fbts pour DropBox (pour un temps limit\u00e9) pour permettre le stockage des vid\u00e9os pour les \u00e9diteurs<\/li>\n<li>vid\u00e9o<\/li>\n<li>Frais li\u00e9s aux honoraires<\/li>\n<li>Les honoraires professionnels<\/li>\n<li>D\u00e9penses de voyage pour se pr\u00e9senter \u00e0 l\u2019audience du CRTC<\/li>\n<\/ul>\n<h4>Qu\u2019advient-il des fonds du Comit\u00e9 SSC apr\u00e8s que le mandat et les objectifs sont atteints?<\/h4>\n<p>Ce sujet est en discussion avec le CAD-ASC sur l\u2019utilisation future des fonds qui pourraient \u00eatre utilis\u00e9s pour soutenir une cause pour les Sourds ou une activit\u00e9 favorisant le d\u00e9veloppement des Jeunes Sourds. Exemples: un autre comit\u00e9 ad-hoc de t\u00e9l\u00e9communications ou soutenir un ou deux individus Sourds \u00e0 participer au WFDYS en 2019.<\/p>\n<p>L&#8217;\u00e9quipe des finances:<\/p>\n<p><img loading=\"lazy\" decoding=\"async\" class=\"aligncenter  wp-image-359\" src=\"https:\/\/www.deafwireless.ca\/wp-content\/uploads\/2015\/08\/Screen-Shot-2015-09-08-at-6.41.25-PM.png\" alt=\"Screen Shot 2015-09-08 at 6.41.25 PM\" width=\"451\" height=\"394\" srcset=\"https:\/\/www.deafwireless.ca\/wp-content\/uploads\/2015\/08\/Screen-Shot-2015-09-08-at-6.41.25-PM.png 792w, https:\/\/www.deafwireless.ca\/wp-content\/uploads\/2015\/08\/Screen-Shot-2015-09-08-at-6.41.25-PM-300x262.png 300w, https:\/\/www.deafwireless.ca\/wp-content\/uploads\/2015\/08\/Screen-Shot-2015-09-08-at-6.41.25-PM-172x150.png 172w, https:\/\/www.deafwireless.ca\/wp-content\/uploads\/2015\/08\/Screen-Shot-2015-09-08-at-6.41.25-PM-150x131.png 150w\" sizes=\"auto, (max-width: 451px) 100vw, 451px\" \/><\/p>\n","protected":false},"excerpt":{"rendered":"<p>La t\u00e2che principale est de surveiller les finances du comit\u00e9 par: L\u2019\u00e9laboration d\u2019un budget Le maintien du budget Une collecte de fonds pour couvrir les d\u00e9penses du Comit\u00e9 SSSC La v\u00e9rification que les d\u00e9penses encourues respectent le mandat du Comit\u00e9\u2026<\/p>\n<p class=\"continue-reading-button\"> <a class=\"continue-reading-link\" href=\"https:\/\/www.deafwireless.ca\/index.php\/equipes\/equipe-des-finances\/\">Read More<i class=\"crycon-right-dir\"><\/i><\/a><\/p>\n","protected":false},"author":2,"featured_media":0,"parent":249,"menu_order":1,"comment_status":"closed","ping_status":"closed","template":"","meta":{"two_page_speed":[],"footnotes":""},"class_list":["post-275","page","type-page","status-publish","hentry"],"_links":{"self":[{"href":"https:\/\/www.deafwireless.ca\/index.php\/wp-json\/wp\/v2\/pages\/275","targetHints":{"allow":["GET"]}}],"collection":[{"href":"https:\/\/www.deafwireless.ca\/index.php\/wp-json\/wp\/v2\/pages"}],"about":[{"href":"https:\/\/www.deafwireless.ca\/index.php\/wp-json\/wp\/v2\/types\/page"}],"author":[{"embeddable":true,"href":"https:\/\/www.deafwireless.ca\/index.php\/wp-json\/wp\/v2\/users\/2"}],"replies":[{"embeddable":true,"href":"https:\/\/www.deafwireless.ca\/index.php\/wp-json\/wp\/v2\/comments?post=275"}],"version-history":[{"count":8,"href":"https:\/\/www.deafwireless.ca\/index.php\/wp-json\/wp\/v2\/pages\/275\/revisions"}],"predecessor-version":[{"id":360,"href":"https:\/\/www.deafwireless.ca\/index.php\/wp-json\/wp\/v2\/pages\/275\/revisions\/360"}],"up":[{"embeddable":true,"href":"https:\/\/www.deafwireless.ca\/index.php\/wp-json\/wp\/v2\/pages\/249"}],"wp:attachment":[{"href":"https:\/\/www.deafwireless.ca\/index.php\/wp-json\/wp\/v2\/media?parent=275"}],"curies":[{"name":"wp","href":"https:\/\/api.w.org\/{rel}","templated":true}]}}