{"id":301,"date":"2015-08-29T11:19:03","date_gmt":"2015-08-29T18:19:03","guid":{"rendered":"http:\/\/www.deafwireless.ca\/?page_id=301"},"modified":"2015-09-08T16:55:02","modified_gmt":"2015-09-08T23:55:02","slug":"le-mandat","status":"publish","type":"page","link":"https:\/\/www.deafwireless.ca\/index.php\/a-propos-de-nous\/le-mandat\/","title":{"rendered":"Le Mandat"},"content":{"rendered":"<p>Le mandat du CSSSC\u00a0est de d\u00e9fendre le droit \u00e0 des prix \u00e9quitables pour les contrats sans fil des consommateurs Sourds et malentendants et de promouvoir l\u2019id\u00e9al d\u2019une \u00e9quivalence fonctionnelle pour tous les consommateurs canadiens. Nous cherchons \u00e0 obtenir les points suivants:<\/p>\n<ol>\n<li>Des plans de donn\u00e9es sans fil \u00e9quitables et uniformes pour les consommateurs sourds et malentendants<\/li>\n<li>Les fournisseurs de services de t\u00e9l\u00e9communications (entreprises sans fil \/ mobiles) offrent des options plus \u00e9quitables de plans de donn\u00e9es pour les consommateurs\u00a0sourds et malentendants<\/li>\n<li>Les fournisseurs de services de t\u00e9l\u00e9communications (entreprises sans fil \/ mobiles) soient plus transparents dans la publicit\u00e9 des offres de forfaits pour les consommateurs\u00a0sourds et malentendants<\/li>\n<li>Diminution de la disparit\u00e9, mais des prix concurrentiels et \u00e9quitables entre les diff\u00e9rents fournisseurs de services de t\u00e9l\u00e9communications (entreprises sans fil \/ mobiles) pour que les\u00a0consommateurs sourds\u00a0aient plus de vari\u00e9t\u00e9 dans leurs choix.<\/li>\n<\/ol>\n","protected":false},"excerpt":{"rendered":"<p>Le mandat du CSSSC\u00a0est de d\u00e9fendre le droit \u00e0 des prix \u00e9quitables pour les contrats sans fil des consommateurs Sourds et malentendants et de promouvoir l\u2019id\u00e9al d\u2019une \u00e9quivalence fonctionnelle pour tous les consommateurs canadiens. Nous cherchons \u00e0 obtenir les points\u2026<\/p>\n<p class=\"continue-reading-button\"> <a class=\"continue-reading-link\" href=\"https:\/\/www.deafwireless.ca\/index.php\/a-propos-de-nous\/le-mandat\/\">Read More<i class=\"crycon-right-dir\"><\/i><\/a><\/p>\n","protected":false},"author":2,"featured_media":0,"parent":245,"menu_order":0,"comment_status":"closed","ping_status":"closed","template":"","meta":{"two_page_speed":[],"footnotes":""},"class_list":["post-301","page","type-page","status-publish","hentry"],"_links":{"self":[{"href":"https:\/\/www.deafwireless.ca\/index.php\/wp-json\/wp\/v2\/pages\/301","targetHints":{"allow":["GET"]}}],"collection":[{"href":"https:\/\/www.deafwireless.ca\/index.php\/wp-json\/wp\/v2\/pages"}],"about":[{"href":"https:\/\/www.deafwireless.ca\/index.php\/wp-json\/wp\/v2\/types\/page"}],"author":[{"embeddable":true,"href":"https:\/\/www.deafwireless.ca\/index.php\/wp-json\/wp\/v2\/users\/2"}],"replies":[{"embeddable":true,"href":"https:\/\/www.deafwireless.ca\/index.php\/wp-json\/wp\/v2\/comments?post=301"}],"version-history":[{"count":3,"href":"https:\/\/www.deafwireless.ca\/index.php\/wp-json\/wp\/v2\/pages\/301\/revisions"}],"predecessor-version":[{"id":344,"href":"https:\/\/www.deafwireless.ca\/index.php\/wp-json\/wp\/v2\/pages\/301\/revisions\/344"}],"up":[{"embeddable":true,"href":"https:\/\/www.deafwireless.ca\/index.php\/wp-json\/wp\/v2\/pages\/245"}],"wp:attachment":[{"href":"https:\/\/www.deafwireless.ca\/index.php\/wp-json\/wp\/v2\/media?parent=301"}],"curies":[{"name":"wp","href":"https:\/\/api.w.org\/{rel}","templated":true}]}}